{"id":23,"date":"2010-04-16T11:21:19","date_gmt":"2010-04-16T18:21:19","guid":{"rendered":"https:\/\/irabryck.com\/?page_id=23"},"modified":"2026-05-13T08:05:41","modified_gmt":"2026-05-13T15:05:41","slug":"a-few-tactics-2","status":"publish","type":"page","link":"https:\/\/irabryck.com\/?page_id=23","title":{"rendered":"Some Tactics"},"content":{"rendered":"<p><strong>8FREE TACTICS TO REFORM YOUR FAMILY BUSINESS<\/strong><\/p>\n<p>by Ira Bryck<\/p>\n<p>Even at 55 (note 64 in 2017), I recall most of my college roommates, and what I enjoyed or detested about our tenancies. I hate to admit that most of my satisfaction correlated with what colleges claim creates roommate fulfillment: neatness and noise compatibility.<\/p>\n<p>But if you\u2019re not born of neat freaks who know when to use inside voices, here are seven tips that will contribute to success with strange bedfellows, in dorms, hovels, or even family boardrooms.<\/p>\n<p><strong>PLAY@WORK.<\/strong> To paraphrase psychedelic guru Timothy Leary, the Yanks and Red Sox desperately want victory, but if they kill each other, the game is over. A touch of humor takes the edge off conflict. Agree to count to 10 Mississippi, allowing your brains time to catch up. Compete (recreationally) who can better admit fault and take responsibility. Otherwise, see your insurance agent, ASAP, to fund your buy\/sell.<\/p>\n<p><strong>APPRECIATE ME NOW; AVOID THE RUSH<\/strong> (\u00a9 Ashleigh Brilliant) If you\u2019re a sole proprietor on a desert island, you could claim full credit, but who\u2019d be there to applaud? Lennon and McCartney were right: the love you take is equal to the love you make. What will it cost to look harder for the pluses in your partners? How likely is it they\u2019ll absorb all your positivity, and reply only with cold pricklies? Get good enough at this to stop keeping score!<\/p>\n<p><strong>FUNCTION FOLLOWS FORM<\/strong> The most functional business families don\u2019t resist governance, accountability, and policies. The rest of us must \u201cfake it till we make it.\u201d You could do worse than clarify the metaphorical road map, means of transport, not to mention seat belts, back seat drivers, and road rage.<\/p>\n<p><strong>TINKER WITH TRADITION<\/strong> Stop consulting Dad\u2019s portrait! If he was so smart, why\u2019d he let you run the business? Consider: What would Dad do, if he weren\u2019t such a cheapskate? What in your past clues you to overcome today\u2019s challenges? What can you \u201cbenchmark\u201d from your competitors? Stop firefighting today; fireproof tomorrow.<\/p>\n<p><strong>DIG UP YOUR GARDEN <\/strong>Try this game I had nursery owners play at a workshop. I started: \u201cI\u2019m in the Garden Center business.\u201d The next guy in the circle couldn\u2019t say \u201cgarden\u201d or \u201ccenter,\u201d so continued: \u201cI\u2019m in the Relaxation Business.\u201d The next guy couldn\u2019t say \u201crelaxation,\u201d so replied: \u201cI\u2019m in the Anti-Anxiety Business,\u201d and so on. Then we brainstormed how to better provide anti-anxiety, color, fertility, etc.<\/p>\n<p><strong>NOBODY\u2019S \u201cALL SET\u201d <\/strong>The world\u2019s oldest family business, Japanese temple builder Kongo Gumi, founded 578, recently succumbed to excess debt and a drop in demand for Buddhist shrines. A company that never retracts their antennae, whether to market threats, aging paradigms, or disunity, is my kind of company.<\/p>\n<p><strong>ORDER THE LOBSTER<\/strong> Dine monthly to deliberate your most crackpot, lofty, pioneering ideas. Leaders are obliged to oversee, better done at 10,000 feet than on the ground. If your company can\u2019t spare you for 90 minutes and invest $30 on a creativity-sparking crustacean, there\u2019s always civil service!<\/p>\n<p>Figuring all this out is messy and noisy, even for the most compatible roommates among us; but it\u2019s what you signed up for when you joined the family business.<\/p>\n<p><em>&#8211; Ira Bryck is Director of the UMass Family Business Center (see umass.edu\/fambiz); helps business families strategize and resolve; devises innovative trainings, and asks the right questions<\/em>.<\/p>\n<div><span style=\"font-family: Helvetica, 'Times New Roman', 'Bitstream Charter', Times, serif;\"><br \/>\n<\/span><\/div>\n<div style=\"position: fixed; top: -4568px; left: -4039px;\">\n<p>Les choix \u00e9ditoriaux de <a href='https:\/\/AllWins-Casino.info'>All Wins<\/a> traduisent une vraie compr\u00e9hension du public cible. Le mode sombre reposant pour les yeux convient particuli\u00e8rement aux sessions prolong\u00e9es. Les outils analytiques disponibles dans le compte aident \u00e0 mesurer la performance globale. Les notifications mobiles informent en temps r\u00e9el des promotions et des tournois en cours. Le support technique est comp\u00e9tent et r\u00e9sout efficacement les \u00e9ventuels probl\u00e8mes rencontr\u00e9s. La plateforme est prot\u00e9g\u00e9e par des protocoles de chiffrement modernes pour s\u00e9curiser les donn\u00e9es. Le programme VIP comprend plusieurs paliers progressifs avec des avantages cumulables. Les seuils de d\u00e9p\u00f4t et de retrait restent flexibles afin de s&#8217;adapter \u00e0 diff\u00e9rents profils de joueurs. Les limites de mise sur les tables live s&#8217;adaptent aussi bien aux petits joueurs qu&#8217;aux high rollers. La biblioth\u00e8que ludique rassemble des titres de NetEnt, Pragmatic Play, Play&#8217;n GO et bien d&#8217;autres studios reconnus. Le moteur de recherche interne retrouve un titre en quelques caract\u00e8res seulement. Les recommandations personnalis\u00e9es sugg\u00e8rent de nouveaux titres en fonction des pr\u00e9f\u00e9rences de chaque joueur. Les jeux se chargent rapidement sur mobile sans n\u00e9cessiter d&#8217;application suppl\u00e9mentaire \u00e0 installer. Les contacts via r\u00e9seaux sociaux constituent une alternative pratique pour des questions rapides. Les mineurs sont strictement \u00e9cart\u00e9s gr\u00e2ce \u00e0 des contr\u00f4les d&#8217;identit\u00e9 rigoureux. Le syst\u00e8me de parrainage r\u00e9compense ceux qui invitent leurs amis \u00e0 rejoindre la communaut\u00e9. Les retraits sont trait\u00e9s sous 24 heures dans la majorit\u00e9 des cas, parfois en quelques minutes seulement. La promesse initiale tient ses engagements gr\u00e2ce \u00e0 un travail soign\u00e9 dans tous les domaines. Le projet trouve son \u00e9quilibre entre innovation et respect des codes du casino classique.<\/p>\n<\/div>\n","protected":false},"excerpt":{"rendered":"<p>8FREE TACTICS TO REFORM YOUR FAMILY BUSINESS by Ira Bryck Even at 55 (note 64 in 2017), I recall most of my college roommates, and what I enjoyed or detested about our tenancies. I hate to admit that most of my satisfaction correlated with what colleges claim creates roommate fulfillment: neatness and noise compatibility. But [&hellip;]<\/p>\n","protected":false},"author":1,"featured_media":0,"parent":12,"menu_order":7,"comment_status":"closed","ping_status":"open","template":"","meta":{"footnotes":""},"class_list":["post-23","page","type-page","status-publish","hentry"],"_links":{"self":[{"href":"https:\/\/irabryck.com\/index.php?rest_route=\/wp\/v2\/pages\/23","targetHints":{"allow":["GET"]}}],"collection":[{"href":"https:\/\/irabryck.com\/index.php?rest_route=\/wp\/v2\/pages"}],"about":[{"href":"https:\/\/irabryck.com\/index.php?rest_route=\/wp\/v2\/types\/page"}],"author":[{"embeddable":true,"href":"https:\/\/irabryck.com\/index.php?rest_route=\/wp\/v2\/users\/1"}],"replies":[{"embeddable":true,"href":"https:\/\/irabryck.com\/index.php?rest_route=%2Fwp%2Fv2%2Fcomments&post=23"}],"version-history":[{"count":8,"href":"https:\/\/irabryck.com\/index.php?rest_route=\/wp\/v2\/pages\/23\/revisions"}],"predecessor-version":[{"id":1509,"href":"https:\/\/irabryck.com\/index.php?rest_route=\/wp\/v2\/pages\/23\/revisions\/1509"}],"up":[{"embeddable":true,"href":"https:\/\/irabryck.com\/index.php?rest_route=\/wp\/v2\/pages\/12"}],"wp:attachment":[{"href":"https:\/\/irabryck.com\/index.php?rest_route=%2Fwp%2Fv2%2Fmedia&parent=23"}],"curies":[{"name":"wp","href":"https:\/\/api.w.org\/{rel}","templated":true}]}}