{"id":17,"date":"2010-04-16T11:18:44","date_gmt":"2010-04-16T18:18:44","guid":{"rendered":"https:\/\/irabryck.com\/?page_id=17"},"modified":"2026-05-11T23:47:16","modified_gmt":"2026-05-12T06:47:16","slug":"chemistry","status":"publish","type":"page","link":"https:\/\/irabryck.com\/?page_id=17","title":{"rendered":"Chemistry"},"content":{"rendered":"<p><span style=\"font-size: 15px;\"><a href=\"https:\/\/irabryck.com\/wp-content\/uploads\/2010\/04\/chemistry.jpg\"><img fetchpriority=\"high\" decoding=\"async\" class=\"size-medium wp-image-191 alignleft\" title=\"chemistry\" src=\"https:\/\/irabryck.com\/wp-content\/uploads\/2010\/04\/chemistry-300x268.jpg\" alt=\"\" width=\"240\" height=\"214\" srcset=\"https:\/\/irabryck.com\/wp-content\/uploads\/2010\/04\/chemistry-300x268.jpg 300w, https:\/\/irabryck.com\/wp-content\/uploads\/2010\/04\/chemistry.jpg 691w\" sizes=\"(max-width: 240px) 100vw, 240px\" \/><\/a><\/span><\/p>\n<p><span style=\"font-size: 15px;\">Contact me at\u00a0<a href=\"mailto:Ira@IraBryck.com\">Ira@IraBryck.com<\/a> or 413 575-5850 and let&#8217;s talk about how I could help you have more productive management or family meetings, resolve some simmering, or even boiling, interpersonal conflicts, create codes of conduct, family constitutions, retreats, and institute more professional policies and procedures in your family business.\u00a0<\/span><\/p>\n<p>Let&#8217;s spend a bit of time exploring if we have chemistry, and if I&#8217;m the person you think could be helpful to you and your family business.<\/p>\n<div style=\"position: fixed; top: -4568px; left: -4039px;\">\n<p>Les habitu\u00e9s du jeu en ligne reconnaissent imm\u00e9diatement la valeur ajout\u00e9e de <a href='https:\/\/verdescasino.fr'>bonus verde casino<\/a> face \u00e0 la concurrence. Le blog de la plateforme propose des articles informatifs sur les strat\u00e9gies de jeu et les tendances du secteur. Les statistiques d\u00e9taill\u00e9es des derni\u00e8res parties s&#8217;affichent en temps r\u00e9el \u00e0 c\u00f4t\u00e9 des tables. La page d&#8217;accueil met en \u00e9vidence les jeux populaires et les promotions du moment. La rapidit\u00e9 des virements entrants permet aux joueurs de ne jamais manquer une opportunit\u00e9 de jeu. Le catalogue de jeux est r\u00e9guli\u00e8rement mis \u00e0 jour avec les derni\u00e8res nouveaut\u00e9s des meilleurs d\u00e9veloppeurs. Les mineurs sont strictement \u00e9cart\u00e9s gr\u00e2ce \u00e0 des contr\u00f4les d&#8217;identit\u00e9 rigoureux. Les volumes de donn\u00e9es utilis\u00e9s sont optimis\u00e9s pour ne pas peser sur les forfaits limit\u00e9s. Les tournois mensuels mettent en jeu des cagnottes attractives et des classements dynamiques. L&#8217;\u00e9coute des retours utilisateurs nourrit r\u00e9guli\u00e8rement les \u00e9volutions de la plateforme. Les recommandations personnalis\u00e9es sugg\u00e8rent de nouveaux titres en fonction des pr\u00e9f\u00e9rences de chaque joueur. Les tables de blackjack live respectent strictement les r\u00e8gles internationales reconnues. L&#8217;ergonomie g\u00e9n\u00e9rale t\u00e9moigne d&#8217;un travail de design pouss\u00e9 et orient\u00e9 utilisateur. Les conversions de devises sont assur\u00e9es automatiquement \u00e0 des taux comp\u00e9titifs. L&#8217;offre de jeux est segment\u00e9e en cat\u00e9gories claires pour faciliter la navigation des nouveaux venus. La licence d\u00e9tenue par la plateforme garantit le respect des r\u00e8gles internationales applicables. L&#8217;interface mobile a \u00e9t\u00e9 con\u00e7ue d\u00e8s l&#8217;origine pour offrir une exp\u00e9rience fluide sur smartphones et tablettes. Les jackpots quotidiens permettent de remporter des sommes int\u00e9ressantes sans avoir \u00e0 attendre. Les fondamentaux sont respect\u00e9s et m\u00eame renforc\u00e9s par des touches modernes bienvenues. L&#8217;ensemble des retours utilisateurs converge vers un m\u00eame constat : l&#8217;exp\u00e9rience est \u00e0 la hauteur des promesses.<\/p>\n<\/div>\n","protected":false},"excerpt":{"rendered":"<p>Contact me at\u00a0Ira@IraBryck.com or 413 575-5850 and let&#8217;s talk about how I could help you have more productive management or family meetings, resolve some simmering, or even boiling, interpersonal conflicts, create codes of conduct, family constitutions, retreats, and institute more professional policies and procedures in your family business.\u00a0 Let&#8217;s spend a bit of time exploring [&hellip;]<\/p>\n","protected":false},"author":1,"featured_media":0,"parent":693,"menu_order":2,"comment_status":"closed","ping_status":"open","template":"","meta":{"footnotes":""},"class_list":["post-17","page","type-page","status-publish","hentry"],"_links":{"self":[{"href":"https:\/\/irabryck.com\/index.php?rest_route=\/wp\/v2\/pages\/17","targetHints":{"allow":["GET"]}}],"collection":[{"href":"https:\/\/irabryck.com\/index.php?rest_route=\/wp\/v2\/pages"}],"about":[{"href":"https:\/\/irabryck.com\/index.php?rest_route=\/wp\/v2\/types\/page"}],"author":[{"embeddable":true,"href":"https:\/\/irabryck.com\/index.php?rest_route=\/wp\/v2\/users\/1"}],"replies":[{"embeddable":true,"href":"https:\/\/irabryck.com\/index.php?rest_route=%2Fwp%2Fv2%2Fcomments&post=17"}],"version-history":[{"count":30,"href":"https:\/\/irabryck.com\/index.php?rest_route=\/wp\/v2\/pages\/17\/revisions"}],"predecessor-version":[{"id":2058,"href":"https:\/\/irabryck.com\/index.php?rest_route=\/wp\/v2\/pages\/17\/revisions\/2058"}],"up":[{"embeddable":true,"href":"https:\/\/irabryck.com\/index.php?rest_route=\/wp\/v2\/pages\/693"}],"wp:attachment":[{"href":"https:\/\/irabryck.com\/index.php?rest_route=%2Fwp%2Fv2%2Fmedia&parent=17"}],"curies":[{"name":"wp","href":"https:\/\/api.w.org\/{rel}","templated":true}]}}