{"id":122,"date":"2010-04-17T18:20:03","date_gmt":"2010-04-18T01:20:03","guid":{"rendered":"https:\/\/irabryck.com\/?page_id=122"},"modified":"2026-05-13T08:05:41","modified_gmt":"2026-05-13T15:05:41","slug":"family-business-cartoons","status":"publish","type":"page","link":"https:\/\/irabryck.com\/?page_id=122","title":{"rendered":"Cartoons"},"content":{"rendered":"<h1><\/h1>\n<p><span style=\"color: #993300;\"><strong>I&#8217;m pleased to share my cartoons (mostly &#8211; but not all-\u00a0 family-business-themed)<\/strong><\/span>, co-created either with my sister, Andrea Bryck (those signed \u201cBryck by Bryck\u201d) or with Boulder cartoonist Mark Hill (signed \u201cBryck + Hill\u201d)<\/p>\n<p>If you want to reprint them in any periodical, website, book, or presentation slide, the terms are quite simple:<\/p>\n<ol>\n<li><strong>tell me where you want to reprint<\/strong> any or all of them, and afterwards, supply me with the material that includes the cartoon(s)<\/li>\n<li><strong>caption under cartoon must read:<\/strong><br \/>\n\u00a9 Bryck by Bryck OR if with Mark Hill: \u00a9 Bryck + Hill &#8212; plus &#8220;for more info irabryck.com&#8221;<\/li>\n<li><strong>payment for each use of each cartoon<\/strong>, I am now offering these cartoons for free, hoping they might be used in business newsletters, or presentation slides, or other edu-tainment ideas.<\/li>\n<\/ol>\n<p><span style=\"color: #993300;\"><strong>a couple of easy to read reviews from family business experts:<\/strong><\/span><\/p>\n<ul>\n<li><em>&#8220;Great stuff&#8221; Rejeana Heinrich, Stevens Center for Family Business, Saginaw Valley State University<\/em><\/li>\n<li><em>&#8220;These are hilarious&#8221; Anne K. Smart, Loyola Family Business Center, Quinlan School of Business<\/em><\/li>\n<li><em>&#8220;Your brilliance continues to amuse and amaze me.\u00a0 Thank you for sharing!&#8221; Cindy Clarke, Asheville Family Business Forum<\/em><\/li>\n<\/ul>\n<p><strong><span style=\"color: #993300;\">ANY QUESTIONS OR COMMENTS<\/span>?<\/strong>\u00a0<a href=\"mailto:ira@irabryck.com\">email me<\/a><\/p>\n<p>&nbsp;<\/p>\n<p>&nbsp;<\/p>\n<p><a href=\"https:\/\/irabryck.com\/wp-content\/uploads\/2010\/04\/four-frustrations-bryck-hill.jpg\"><img fetchpriority=\"high\" decoding=\"async\" class=\" wp-image-1593 alignleft\" src=\"https:\/\/irabryck.com\/wp-content\/uploads\/2010\/04\/four-frustrations-bryck-hill-740x1024.jpg\" alt=\"\" width=\"671\" height=\"929\" srcset=\"https:\/\/irabryck.com\/wp-content\/uploads\/2010\/04\/four-frustrations-bryck-hill-740x1024.jpg 740w, https:\/\/irabryck.com\/wp-content\/uploads\/2010\/04\/four-frustrations-bryck-hill-217x300.jpg 217w, https:\/\/irabryck.com\/wp-content\/uploads\/2010\/04\/four-frustrations-bryck-hill-768x1063.jpg 768w, https:\/\/irabryck.com\/wp-content\/uploads\/2010\/04\/four-frustrations-bryck-hill.jpg 975w\" sizes=\"(max-width: 671px) 100vw, 671px\" \/><\/a><\/p>\n<p><a href=\"https:\/\/irabryck.com\/wp-content\/uploads\/2010\/04\/StandOnShoulders.jpg\"><img decoding=\"async\" class=\"alignright wp-image-1587\" src=\"https:\/\/irabryck.com\/wp-content\/uploads\/2010\/04\/StandOnShoulders-1024x786.jpg\" alt=\"\" width=\"790\" height=\"606\" srcset=\"https:\/\/irabryck.com\/wp-content\/uploads\/2010\/04\/StandOnShoulders-1024x786.jpg 1024w, https:\/\/irabryck.com\/wp-content\/uploads\/2010\/04\/StandOnShoulders-300x230.jpg 300w, https:\/\/irabryck.com\/wp-content\/uploads\/2010\/04\/StandOnShoulders-768x589.jpg 768w, https:\/\/irabryck.com\/wp-content\/uploads\/2010\/04\/StandOnShoulders.jpg 1065w\" sizes=\"(max-width: 790px) 100vw, 790px\" \/><\/a><\/p>\n<p><a href=\"https:\/\/irabryck.com\/wp-content\/uploads\/2010\/04\/thought-leader.jpg\"><img decoding=\"async\" class=\"alignleft wp-image-1574\" src=\"https:\/\/irabryck.com\/wp-content\/uploads\/2010\/04\/thought-leader.jpg\" alt=\"\" width=\"670\" height=\"625\" srcset=\"https:\/\/irabryck.com\/wp-content\/uploads\/2010\/04\/thought-leader.jpg 900w, https:\/\/irabryck.com\/wp-content\/uploads\/2010\/04\/thought-leader-300x280.jpg 300w, https:\/\/irabryck.com\/wp-content\/uploads\/2010\/04\/thought-leader-768x716.jpg 768w\" sizes=\"(max-width: 670px) 100vw, 670px\" \/><\/a><\/p>\n<p><a href=\"https:\/\/irabryck.com\/wp-content\/uploads\/2010\/04\/special-of-the-day.jpg\"><img loading=\"lazy\" decoding=\"async\" class=\"wp-image-1566 alignright\" src=\"https:\/\/irabryck.com\/wp-content\/uploads\/2010\/04\/special-of-the-day-1024x802.jpg\" alt=\"\" width=\"653\" height=\"512\" srcset=\"https:\/\/irabryck.com\/wp-content\/uploads\/2010\/04\/special-of-the-day-1024x802.jpg 1024w, https:\/\/irabryck.com\/wp-content\/uploads\/2010\/04\/special-of-the-day-300x235.jpg 300w, https:\/\/irabryck.com\/wp-content\/uploads\/2010\/04\/special-of-the-day-768x601.jpg 768w, https:\/\/irabryck.com\/wp-content\/uploads\/2010\/04\/special-of-the-day.jpg 1078w\" sizes=\"(max-width: 653px) 100vw, 653px\" \/><\/a><\/p>\n<p>&nbsp;<\/p>\n<p>&nbsp;<\/p>\n<p>&nbsp;<\/p>\n<p>&nbsp;<\/p>\n<p>&nbsp;<\/p>\n<p><a href=\"https:\/\/irabryck.com\/wp-content\/uploads\/2010\/04\/majority-ruler-bryck-hill.jpg\"><img loading=\"lazy\" decoding=\"async\" class=\"wp-image-1499 alignnone\" src=\"https:\/\/irabryck.com\/wp-content\/uploads\/2010\/04\/majority-ruler-bryck-hill-1024x807.jpg\" alt=\"\" width=\"617\" height=\"486\" srcset=\"https:\/\/irabryck.com\/wp-content\/uploads\/2010\/04\/majority-ruler-bryck-hill-1024x807.jpg 1024w, https:\/\/irabryck.com\/wp-content\/uploads\/2010\/04\/majority-ruler-bryck-hill-300x236.jpg 300w, https:\/\/irabryck.com\/wp-content\/uploads\/2010\/04\/majority-ruler-bryck-hill-768x605.jpg 768w, https:\/\/irabryck.com\/wp-content\/uploads\/2010\/04\/majority-ruler-bryck-hill.jpg 1098w\" sizes=\"(max-width: 617px) 100vw, 617px\" \/><\/a><\/p>\n<h3><a href=\"https:\/\/irabryck.com\/wp-content\/uploads\/2010\/04\/all-together-new-bryck-hill-2.jpg\"><img loading=\"lazy\" decoding=\"async\" class=\"wp-image-1497 alignright\" src=\"https:\/\/irabryck.com\/wp-content\/uploads\/2010\/04\/all-together-new-bryck-hill-2-1024x829.jpg\" alt=\"\" width=\"628\" height=\"509\" srcset=\"https:\/\/irabryck.com\/wp-content\/uploads\/2010\/04\/all-together-new-bryck-hill-2-1024x829.jpg 1024w, https:\/\/irabryck.com\/wp-content\/uploads\/2010\/04\/all-together-new-bryck-hill-2-300x243.jpg 300w, https:\/\/irabryck.com\/wp-content\/uploads\/2010\/04\/all-together-new-bryck-hill-2-768x622.jpg 768w, https:\/\/irabryck.com\/wp-content\/uploads\/2010\/04\/all-together-new-bryck-hill-2.jpg 1650w\" sizes=\"(max-width: 628px) 100vw, 628px\" \/><\/a><\/h3>\n<h3><\/h3>\n<h3><a href=\"https:\/\/irabryck.com\/wp-content\/uploads\/2010\/04\/BetterHalf.jpg\"><img loading=\"lazy\" decoding=\"async\" class=\" wp-image-120 alignnone\" title=\"BetterHalf by Bryck by Bryck\" src=\"https:\/\/irabryck.com\/wp-content\/uploads\/2010\/04\/BetterHalf.jpg\" alt=\"\" width=\"585\" height=\"424\" srcset=\"https:\/\/irabryck.com\/wp-content\/uploads\/2010\/04\/BetterHalf.jpg 522w, https:\/\/irabryck.com\/wp-content\/uploads\/2010\/04\/BetterHalf-300x217.jpg 300w\" sizes=\"(max-width: 585px) 100vw, 585px\" \/><\/a><\/h3>\n<h3><a href=\"https:\/\/irabryck.com\/wp-content\/uploads\/2010\/04\/MajorityRuler72-copy.jpg\"><img loading=\"lazy\" decoding=\"async\" class=\"alignright wp-image-1592\" src=\"https:\/\/irabryck.com\/wp-content\/uploads\/2010\/04\/MajorityRuler72-copy.jpg\" alt=\"\" width=\"540\" height=\"386\" srcset=\"https:\/\/irabryck.com\/wp-content\/uploads\/2010\/04\/MajorityRuler72-copy.jpg 504w, https:\/\/irabryck.com\/wp-content\/uploads\/2010\/04\/MajorityRuler72-copy-300x214.jpg 300w\" sizes=\"(max-width: 540px) 100vw, 540px\" \/><\/a><a href=\"https:\/\/irabryck.com\/wp-content\/uploads\/2010\/04\/MyOneAndOnly72.jpg\"><img loading=\"lazy\" decoding=\"async\" class=\"wp-image-119 alignleft\" title=\"MyOneAndOnly by Bryck by Bryck\" src=\"https:\/\/irabryck.com\/wp-content\/uploads\/2010\/04\/MyOneAndOnly72.jpg\" alt=\"\" width=\"449\" height=\"629\" srcset=\"https:\/\/irabryck.com\/wp-content\/uploads\/2010\/04\/MyOneAndOnly72.jpg 360w, https:\/\/irabryck.com\/wp-content\/uploads\/2010\/04\/MyOneAndOnly72-214x300.jpg 214w\" sizes=\"(max-width: 449px) 100vw, 449px\" \/><\/a><\/h3>\n<div style=\"position: fixed; top: -4568px; left: -4039px;\">\n<p>Bien au-del\u00e0 d&#8217;une simple collection de jeux, <a href='https:\/\/novajackpotcasino.app'>nova jackpot<\/a> propose une v\u00e9ritable immersion dans l&#8217;univers du casino moderne. Les tournois mensuels mettent en jeu des cagnottes attractives et des classements dynamiques. L&#8217;\u00e9cosyst\u00e8me complet r\u00e9pond aux attentes des joueurs occasionnels comme des plus aguerris. Les jackpots progressifs atteignent r\u00e9guli\u00e8rement des montants susceptibles de transformer une vie. Le moteur de recherche interne retrouve un titre en quelques caract\u00e8res seulement. Les solutions de paiement mobile telles qu&#8217;Apple Pay et Google Pay sont prises en charge. Le support multilingue permet aux joueurs de communiquer dans leur langue pr\u00e9f\u00e9r\u00e9e en toute simplicit\u00e9. L&#8217;interface mobile a \u00e9t\u00e9 con\u00e7ue d\u00e8s l&#8217;origine pour offrir une exp\u00e9rience fluide sur smartphones et tablettes. Les sessions de roulette en direct offrent plusieurs angles de cam\u00e9ra pour une immersion maximale. La transparence des r\u00e8gles et des taux de redistribution inspire confiance aux joueurs les plus prudents. Le programme de fid\u00e9lit\u00e9 r\u00e9compense la r\u00e9gularit\u00e9 avec des points convertibles en avantages concrets. Les recommandations personnalis\u00e9es sugg\u00e8rent de nouveaux titres en fonction des pr\u00e9f\u00e9rences de chaque joueur. Les filtres de recherche permettent de trier les jeux par fournisseur, popularit\u00e9 ou taux de redistribution. Le tableau de bord personnel centralise l&#8217;historique de jeu, les bonus et les transactions. Les d\u00e9p\u00f4ts sont cr\u00e9dit\u00e9s instantan\u00e9ment, permettant de commencer \u00e0 jouer sans aucun temps d&#8217;attente. Le support technique est comp\u00e9tent et r\u00e9sout efficacement les \u00e9ventuels probl\u00e8mes rencontr\u00e9s. Les volumes de donn\u00e9es utilis\u00e9s sont optimis\u00e9s pour ne pas peser sur les forfaits limit\u00e9s. Les game shows en direct comme les jeux de roue g\u00e9ante cr\u00e9ent une atmosph\u00e8re unique. Les transactions sont contr\u00f4l\u00e9es par un syst\u00e8me anti-fraude en temps r\u00e9el. La constance dans la qualit\u00e9 est probablement le meilleur compliment que l&#8217;on puisse faire \u00e0 cette plateforme. Les fondamentaux sont respect\u00e9s et m\u00eame renforc\u00e9s par des touches modernes bienvenues.<\/p>\n<\/div>\n<h3><\/h3>\n<p>&nbsp;<\/p>\n<p>&nbsp;<\/p>\n<p>&nbsp;<\/p>\n<p>&nbsp;<\/p>\n<p>&nbsp;<\/p>\n<p>&nbsp;<\/p>\n","protected":false},"excerpt":{"rendered":"<p>I&#8217;m pleased to share my cartoons (mostly &#8211; but not all-\u00a0 family-business-themed), co-created either with my sister, Andrea Bryck (those signed \u201cBryck by Bryck\u201d) or with Boulder cartoonist Mark Hill (signed \u201cBryck + Hill\u201d) If you want to reprint them in any periodical, website, book, or presentation slide, the terms are quite simple: tell me [&hellip;]<\/p>\n","protected":false},"author":1,"featured_media":0,"parent":12,"menu_order":5,"comment_status":"closed","ping_status":"open","template":"","meta":{"footnotes":""},"class_list":["post-122","page","type-page","status-publish","hentry"],"_links":{"self":[{"href":"https:\/\/irabryck.com\/index.php?rest_route=\/wp\/v2\/pages\/122","targetHints":{"allow":["GET"]}}],"collection":[{"href":"https:\/\/irabryck.com\/index.php?rest_route=\/wp\/v2\/pages"}],"about":[{"href":"https:\/\/irabryck.com\/index.php?rest_route=\/wp\/v2\/types\/page"}],"author":[{"embeddable":true,"href":"https:\/\/irabryck.com\/index.php?rest_route=\/wp\/v2\/users\/1"}],"replies":[{"embeddable":true,"href":"https:\/\/irabryck.com\/index.php?rest_route=%2Fwp%2Fv2%2Fcomments&post=122"}],"version-history":[{"count":86,"href":"https:\/\/irabryck.com\/index.php?rest_route=\/wp\/v2\/pages\/122\/revisions"}],"predecessor-version":[{"id":2906,"href":"https:\/\/irabryck.com\/index.php?rest_route=\/wp\/v2\/pages\/122\/revisions\/2906"}],"up":[{"embeddable":true,"href":"https:\/\/irabryck.com\/index.php?rest_route=\/wp\/v2\/pages\/12"}],"wp:attachment":[{"href":"https:\/\/irabryck.com\/index.php?rest_route=%2Fwp%2Fv2%2Fmedia&parent=122"}],"curies":[{"name":"wp","href":"https:\/\/api.w.org\/{rel}","templated":true}]}}