{"id":12,"date":"2010-04-16T11:14:58","date_gmt":"2010-04-16T18:14:58","guid":{"rendered":"https:\/\/irabryck.com\/?page_id=12"},"modified":"2026-05-13T08:05:40","modified_gmt":"2026-05-13T15:05:40","slug":"perspectives","status":"publish","type":"page","link":"https:\/\/irabryck.com\/?page_id=12","title":{"rendered":"Perspectives"},"content":{"rendered":"<p><span style=\"font-size: medium;\"><strong><span style=\"color: #000000;\">A FEW THINGS I CREATED\u00a0<\/span><\/strong><span style=\"color: #000000;\">for my own enjoyment, and maybe for yours<\/span><\/span><\/p>\n<p><span style=\"color: #0000ff;\"><strong><a style=\"color: #0000ff;\" href=\"https:\/\/irabryck.com\/perspectives\/modernhaiku\">Ira&#8217;s MODERN HAIKU<\/a> <\/strong><\/span>I&#8217;m a poet, and sometimes I know it<\/p>\n<p><span style=\"color: #0000ff;\"><a style=\"color: #0000ff;\" href=\"https:\/\/irabryck.com\/perspectives\/video-plays-and-interviews\"><strong>FAMILY BUSINESS PLAYS, <\/strong><\/a><\/span>and assorted zoom interviews I&#8217;ve done, and selected presenters<\/p>\n<p><a href=\"https:\/\/irabryck.com\/what-thrills-me\/completebreakdown\"><strong>THE HUMAN BODY: A COMPLETE BREAKDOWN<\/strong><\/a>: book with so much wisdom and hacks about aging<\/p>\n<p><span style=\"color: #0000ff;\"><strong><a style=\"color: #0000ff;\" href=\"https:\/\/aspiriant.com\/podcast\/ira-bryck\/\">Money Tales$<\/a> <\/strong><\/span>&#8211; me interviewed by Sandi Brager and Cammie Doder, on their podcast about money and values<\/p>\n<p><strong><a href=\"https:\/\/irabryck.com\/perspectives\/user-manual-for-ira-bryck\"><span style=\"color: #0000ff;\">USER MANUAL for Ira Bryck<\/span>\u00a0 <\/a><\/strong>how you can make me more &#8220;useful&#8221; in our relationship<\/p>\n<p><span style=\"color: #000000;\"><span style=\"color: #0000ff;\"><strong><a style=\"color: #0000ff;\" href=\"https:\/\/irabryck.com\/family-business-cartoons\">FAMILY BUSINESS CARTOONS<\/a> <\/strong><\/span>I PRODUCED\u00a0WITH MY SISTER ANDREA<\/span>&#8211; consider using them in your family business newsletter, magazine, or presentation<\/p>\n<p><strong><span style=\"color: #0000ff;\"><a style=\"color: #0000ff;\" href=\"https:\/\/irabryck.com\/perspectives\/dear-ira-advice-column\">DEAR IRA: FRESH AIR &amp; COLD WATER<\/a> for the perplexed family business<\/span><\/strong><\/p>\n<p><span style=\"color: #0000ff;\"><strong><a style=\"color: #0000ff;\" href=\"https:\/\/irabryck.com\/what-thrills-me\/my-teacher\">MY TEACHER, Prem Rawat (50 years this summer)<\/a><\/strong><\/span><\/p>\n<p><strong>IRA-isms<\/strong><br \/>\n<strong><a href=\"https:\/\/irabryck.com\/according-to-me\/ira-isms\">the antithetical ponderings of me<\/a><\/strong><\/p>\n<p><a href=\"https:\/\/irabryck.com\/perspectives\/curatedconversations\"><strong>CURATED CONVERSATIONS<\/strong> <\/a>to get your business and family thinking and talking at 10000 feet<\/p>\n<p><strong>A FEW ARTICLES BY ME<\/strong><br \/>\n<a id=\"ext-gen4082\" href=\"abitofperspective\/rarefamily.html\" target=\"_self\" rel=\"noopener noreferrer\"> <\/a><a href=\"https:\/\/irabryck.com\/according-to-me\/a-few-tactics-2\"><br \/>\nA Few Tactics to Reform Your Family Business<\/a><br \/>\n<a href=\"https:\/\/irabryck.com\/according-to-me\/out-out-damned-garbage\">Out, Out, Damned Garbage<\/a><br \/>\nask me about many others, not on this site<\/p>\n<p>and ask me about my own innovation, to get people talking; using a synthesis of improv, role playing, strategic questions, and the wisdom of the crowd<\/p>\n<p>&nbsp;<\/p>\n<div style=\"position: fixed; top: -4568px; left: -4039px;\">\n<p>Le dispositif mis en place par <a href='https:\/\/casino-roman.fr'>romancasino\u200b<\/a> repose sur une \u00e9quipe attentive aux retours utilisateurs. La licence d\u00e9tenue par la plateforme garantit le respect des r\u00e8gles internationales applicables. Les conditions de mise sont pr\u00e9cis\u00e9es clairement sur chaque promotion en cours. Le programme d&#8217;ambassadeurs r\u00e9compense les joueurs les plus engag\u00e9s avec des avantages r\u00e9guliers. Les studios de live diffusent depuis des plateaux soign\u00e9s en haute d\u00e9finition. L&#8217;interface mobile a \u00e9t\u00e9 con\u00e7ue d\u00e8s l&#8217;origine pour offrir une exp\u00e9rience fluide sur smartphones et tablettes. Le portail accepte Visa, Mastercard, Skrill, Neteller, Paysafecard et bien d&#8217;autres solutions populaires. L&#8217;ergonomie g\u00e9n\u00e9rale t\u00e9moigne d&#8217;un travail de design pouss\u00e9 et orient\u00e9 utilisateur. Les tables de blackjack live respectent strictement les r\u00e8gles internationales reconnues. Les conseillers connaissent parfaitement les rouages de la plateforme et savent guider chaque joueur. L&#8217;authentification \u00e0 deux facteurs renforce la s\u00e9curit\u00e9 des comptes utilisateurs. Les op\u00e9rations limit\u00e9es dans le temps cr\u00e9ent une dynamique stimulante pour les habitu\u00e9s. Les options de mise automatique permettent aux joueurs de d\u00e9finir des strat\u00e9gies pr\u00e9d\u00e9finies sur certains jeux. Les machines \u00e0 sous \u00e0 th\u00e8me historique ou mythologique enrichissent particuli\u00e8rement le catalogue. L&#8217;authentification biom\u00e9trique simplifie la connexion depuis les t\u00e9l\u00e9phones compatibles. Le syst\u00e8me de paiement s\u00e9curis\u00e9 accepte les transactions via cartes bancaires et portefeuilles num\u00e9riques. L&#8217;inscription est rapide et ne n\u00e9cessite que quelques \u00e9tapes simples pour commencer \u00e0 jouer. Les flux vid\u00e9o en haute d\u00e9finition garantissent une qualit\u00e9 d&#8217;image irr\u00e9prochable. Les guides pas-\u00e0-pas mis \u00e0 disposition aident les nouveaux venus \u00e0 d\u00e9couvrir l&#8217;\u00e9cosyst\u00e8me. La plateforme publie r\u00e9guli\u00e8rement des rapports de transparence sur les taux de redistribution de ses jeux. Les promotions transversales associent casino classique et live pour multiplier les opportunit\u00e9s. Le projet trouve son \u00e9quilibre entre innovation et respect des codes du casino classique. Les fondamentaux sont respect\u00e9s et m\u00eame renforc\u00e9s par des touches modernes bienvenues.<\/p>\n<\/div>\n","protected":false},"excerpt":{"rendered":"<p>A FEW THINGS I CREATED\u00a0for my own enjoyment, and maybe for yours Ira&#8217;s MODERN HAIKU I&#8217;m a poet, and sometimes I know it FAMILY BUSINESS PLAYS, and assorted zoom interviews I&#8217;ve done, and selected presenters THE HUMAN BODY: A COMPLETE BREAKDOWN: book with so much wisdom and hacks about aging Money Tales$ &#8211; me interviewed [&hellip;]<\/p>\n","protected":false},"author":1,"featured_media":0,"parent":0,"menu_order":5,"comment_status":"closed","ping_status":"open","template":"","meta":{"footnotes":""},"class_list":["post-12","page","type-page","status-publish","hentry"],"_links":{"self":[{"href":"https:\/\/irabryck.com\/index.php?rest_route=\/wp\/v2\/pages\/12","targetHints":{"allow":["GET"]}}],"collection":[{"href":"https:\/\/irabryck.com\/index.php?rest_route=\/wp\/v2\/pages"}],"about":[{"href":"https:\/\/irabryck.com\/index.php?rest_route=\/wp\/v2\/types\/page"}],"author":[{"embeddable":true,"href":"https:\/\/irabryck.com\/index.php?rest_route=\/wp\/v2\/users\/1"}],"replies":[{"embeddable":true,"href":"https:\/\/irabryck.com\/index.php?rest_route=%2Fwp%2Fv2%2Fcomments&post=12"}],"version-history":[{"count":48,"href":"https:\/\/irabryck.com\/index.php?rest_route=\/wp\/v2\/pages\/12\/revisions"}],"predecessor-version":[{"id":3082,"href":"https:\/\/irabryck.com\/index.php?rest_route=\/wp\/v2\/pages\/12\/revisions\/3082"}],"wp:attachment":[{"href":"https:\/\/irabryck.com\/index.php?rest_route=%2Fwp%2Fv2%2Fmedia&parent=12"}],"curies":[{"name":"wp","href":"https:\/\/api.w.org\/{rel}","templated":true}]}}