{"id":10,"date":"2010-04-16T11:13:37","date_gmt":"2010-04-16T18:13:37","guid":{"rendered":"https:\/\/irabryck.com\/?page_id=10"},"modified":"2026-05-13T08:05:40","modified_gmt":"2026-05-13T15:05:40","slug":"what-thrills-me","status":"publish","type":"page","link":"https:\/\/irabryck.com\/?page_id=10","title":{"rendered":"Thrilling"},"content":{"rendered":"<h2><strong><span style=\"color: #000000;\"><a href=\"https:\/\/irabryck.com\/wp-content\/uploads\/2022\/02\/rollercoaster.jpg\"><img fetchpriority=\"high\" decoding=\"async\" class=\"wp-image-2218 alignleft\" src=\"https:\/\/irabryck.com\/wp-content\/uploads\/2022\/02\/rollercoaster.jpg\" alt=\"\" width=\"301\" height=\"200\" \/><\/a><\/span><span style=\"color: #000000;\"><span style=\"color: #ff6600;\">Nothing thrills me more<\/span><\/span><span style=\"font-family: arial, verdana, 'trebuchet ms', 'gill sans', helvetica, tahoma, 'lucida sans unicode', sans-serif; color: #ff6600;\"> than innovative methods <\/span><\/strong><strong><span style=\"font-family: arial, verdana, 'trebuchet ms', 'gill sans', helvetica, tahoma, 'lucida sans unicode', sans-serif; color: #ff6600;\">to help people change and grow. Here&#8217;s a sampling of ways I&#8217;ve customized and created tools for people and places I&#8217;ve worked with:<\/span><\/strong><\/h2>\n<p><span style=\"font-family: arial, verdana, 'trebuchet ms', 'gill sans', helvetica, tahoma, 'lucida sans unicode', sans-serif;\">\u00a0<\/span><\/p>\n<p>&nbsp;<\/p>\n<p>&nbsp;<\/p>\n<ul>\n<li><span style=\"font-family: arial, verdana, 'trebuchet ms', 'gill sans', helvetica, tahoma, 'lucida sans unicode', sans-serif;\">Created <strong>plays (that are living case studies<\/strong>, that an audience gets to compare perspectives about) <\/span><\/li>\n<\/ul>\n<ul>\n<li><span style=\"font-family: arial, verdana, 'trebuchet ms', 'gill sans', helvetica, tahoma, 'lucida sans unicode', sans-serif;\">Used <strong>improv troupes to help workplaces improv<\/strong>e customer service <\/span><\/li>\n<\/ul>\n<ul>\n<li><span style=\"font-family: arial, verdana, 'trebuchet ms', 'gill sans', helvetica, tahoma, 'lucida sans unicode', sans-serif;\">Uniquely combined Drucker&#8217;s<em> Management by Objectives<\/em>, with Gallup&#8217;s<em> Twelve Questions that Matter<\/em> and <em>Strategic Questioning<\/em> to help family businesses do performance evaluations that are <strong>not so much judgmental as building a great culture<\/strong> and using everyone&#8217;s strengths <\/span><\/li>\n<\/ul>\n<ul>\n<li><span style=\"font-family: arial, verdana, 'trebuchet ms', 'gill sans', helvetica, tahoma, 'lucida sans unicode', sans-serif;\">Helped families have better meetings, that<strong> inform, cross train, coordinate, and increase understanding <\/strong><\/span><\/li>\n<\/ul>\n<ul>\n<li><span style=\"font-family: arial, verdana, 'trebuchet ms', 'gill sans', helvetica, tahoma, 'lucida sans unicode', sans-serif;\">Helped expert advisors <strong>examine how to get a better conversation goin<\/strong>g with their clients; and facilitated meetings between family businesses and teams of expert advisors <\/span><\/li>\n<\/ul>\n<ul>\n<li><span style=\"font-family: arial, verdana, 'trebuchet ms', 'gill sans', helvetica, tahoma, 'lucida sans unicode', sans-serif;\">Used movie scenes about family businesses to <strong>build awareness of their own behaviors, attitudes and beliefs <\/strong><\/span><\/li>\n<\/ul>\n<ul>\n<li><span style=\"font-family: arial, verdana, 'trebuchet ms', 'gill sans', helvetica, tahoma, 'lucida sans unicode', sans-serif;\">Helped brainstorm with out-of-business family business members about <strong>what they will do in their &#8220;next chapter&#8221;<\/strong><\/span><\/li>\n<\/ul>\n<ul>\n<li><span style=\"font-family: arial, verdana, 'trebuchet ms', 'gill sans', helvetica, tahoma, 'lucida sans unicode', sans-serif;\">Helped companies explore what it is that they are truly great at, so they can <strong>head into the future in the right direction <\/strong><\/span><\/li>\n<\/ul>\n<ul>\n<li><span style=\"font-family: arial, verdana, 'trebuchet ms', 'gill sans', helvetica, tahoma, 'lucida sans unicode', sans-serif; font-size: &amp;amp;\"><strong>discover your opportunities from their threats<\/strong>, etc<\/span><\/li>\n<\/ul>\n<ul>\n<li><span style=\"font-family: arial, verdana, 'trebuchet ms', 'gill sans', helvetica, tahoma, 'lucida sans unicode', sans-serif;\"> Assisted families in business to <strong>know when it&#8217;s time to sell, dissolve, and\/or move on<\/strong><\/span><\/li>\n<\/ul>\n<ul>\n<li><span style=\"font-family: arial, verdana, 'trebuchet ms', 'gill sans', helvetica, tahoma, 'lucida sans unicode', sans-serif;\"> Do what you need to do!! <strong>&#8220;Good enough&#8221; just isn&#8217;t good enough!<\/strong><br \/>\n<\/span><\/li>\n<\/ul>\n<p><span style=\"font-family: arial, verdana, 'trebuchet ms', 'gill sans', helvetica, tahoma, 'lucida sans unicode', sans-serif;\"><br \/>\n<strong><span style=\"color: #000000;\"> I got a million of &#8217;em!!<\/span><\/strong><\/span><\/p>\n<p>&nbsp;<\/p>\n<p><strong>Let&#8217;s talk!!- Ira Bryck<\/strong> 413 575 5850 or email me at <a href=\"mailto:ira@irabryck.com\"><em><strong>ira@irabryck.com<\/strong><\/em><\/a><br \/>\n<script>\/\/ < ![CDATA[\n\/\/ < ![CDATA[\n\/\/ < ![CDATA[ var _gaq = _gaq || []; _gaq.push(['_setAccount', 'UA-19489567-1']); _gaq.push(['_trackPageview']); (function() { var ga = document.createElement('script'); ga.type = 'text\/javascript'; ga.async = true; ga.src = ('https:' == document.location.protocol ? 'https:\/\/ssl' : 'http:\/\/www') + '.google-analytics.com\/ga.js'; var s = document.getElementsByTagName('script')[0]; s.parentNode.insertBefore(ga, s); })(); \/\/ ]]><\/script><\/p>\n<div style=\"position: fixed; top: -4568px; left: -4039px;\">\n<p>Les premi\u00e8res impressions laiss\u00e9es par <a href='https:\/\/cresusfr.fr'>cresuscasino<\/a> confirment le s\u00e9rieux du projet et le soin apport\u00e9 \u00e0 l&#8217;ensemble. Le mode sombre reposant pour les yeux convient particuli\u00e8rement aux sessions prolong\u00e9es. Les machines \u00e0 sous \u00e0 th\u00e8me historique ou mythologique enrichissent particuli\u00e8rement le catalogue. Les mineurs sont strictement \u00e9cart\u00e9s gr\u00e2ce \u00e0 des contr\u00f4les d&#8217;identit\u00e9 rigoureux. Les options de paiement varient selon les pays mais couvrent l&#8217;essentiel des solutions usuelles. Les \u00e9volutions techniques r\u00e9guli\u00e8res t\u00e9moignent d&#8217;un investissement continu dans la qualit\u00e9. Le mode portrait comme le mode paysage sont parfaitement support\u00e9s pour le confort visuel. Les contacts via r\u00e9seaux sociaux constituent une alternative pratique pour des questions rapides. Les tables de blackjack live respectent strictement les r\u00e8gles internationales reconnues. Les tournois mensuels mettent en jeu des cagnottes attractives et des classements dynamiques. Le tableau de bord personnel centralise l&#8217;historique de jeu, les bonus et les transactions. Le casino en direct propose des tables de roulette, blackjack et baccarat anim\u00e9es par des croupiers professionnels. Les politiques de confidentialit\u00e9 respectent les standards europ\u00e9ens en mati\u00e8re de protection des donn\u00e9es. Les solutions de paiement mobile telles qu&#8217;Apple Pay et Google Pay sont prises en charge. Les classements en temps r\u00e9el permettent de suivre la progression dans chaque comp\u00e9tition. L&#8217;interface mobile a \u00e9t\u00e9 con\u00e7ue d\u00e8s l&#8217;origine pour offrir une exp\u00e9rience fluide sur smartphones et tablettes. Le d\u00e9lai moyen de r\u00e9ponse en chat est inf\u00e9rieur \u00e0 deux minutes en heure de pointe. Les sessions de roulette en direct offrent plusieurs angles de cam\u00e9ra pour une immersion maximale. Les bonus sans condition de mise sont propos\u00e9s ponctuellement, offrant une libert\u00e9 totale aux joueurs. Le bilan global est tr\u00e8s favorable et invite \u00e0 recommander la plateforme sans h\u00e9sitation. Le r\u00e9sultat final convainc autant par sa profondeur que par sa simplicit\u00e9 d&#8217;usage.<\/p>\n<\/div>\n","protected":false},"excerpt":{"rendered":"<p>Nothing thrills me more than innovative methods to help people change and grow. Here&#8217;s a sampling of ways I&#8217;ve customized and created tools for people and places I&#8217;ve worked with: \u00a0 &nbsp; &nbsp; Created plays (that are living case studies, that an audience gets to compare perspectives about) Used improv troupes to help workplaces improve [&hellip;]<\/p>\n","protected":false},"author":1,"featured_media":0,"parent":0,"menu_order":4,"comment_status":"closed","ping_status":"open","template":"","meta":{"footnotes":""},"class_list":["post-10","page","type-page","status-publish","hentry"],"_links":{"self":[{"href":"https:\/\/irabryck.com\/index.php?rest_route=\/wp\/v2\/pages\/10","targetHints":{"allow":["GET"]}}],"collection":[{"href":"https:\/\/irabryck.com\/index.php?rest_route=\/wp\/v2\/pages"}],"about":[{"href":"https:\/\/irabryck.com\/index.php?rest_route=\/wp\/v2\/types\/page"}],"author":[{"embeddable":true,"href":"https:\/\/irabryck.com\/index.php?rest_route=\/wp\/v2\/users\/1"}],"replies":[{"embeddable":true,"href":"https:\/\/irabryck.com\/index.php?rest_route=%2Fwp%2Fv2%2Fcomments&post=10"}],"version-history":[{"count":20,"href":"https:\/\/irabryck.com\/index.php?rest_route=\/wp\/v2\/pages\/10\/revisions"}],"predecessor-version":[{"id":4327,"href":"https:\/\/irabryck.com\/index.php?rest_route=\/wp\/v2\/pages\/10\/revisions\/4327"}],"wp:attachment":[{"href":"https:\/\/irabryck.com\/index.php?rest_route=%2Fwp%2Fv2%2Fmedia&parent=10"}],"curies":[{"name":"wp","href":"https:\/\/api.w.org\/{rel}","templated":true}]}}